{"id":2,"date":"2014-07-09T12:41:21","date_gmt":"2014-07-09T10:41:21","guid":{"rendered":"http:\/\/www.anglerverein-schlossgarten.de\/?page_id=2"},"modified":"2026-01-14T14:51:14","modified_gmt":"2026-01-14T12:51:14","slug":"beispiel-seite","status":"publish","type":"page","link":"https:\/\/www.anglerverein-schlossgarten.de\/","title":{"rendered":"\u00dcber Uns"},"content":{"rendered":"<hr>\n<h2 style=\"text-align: center;\"><strong>Petri Heil liebe Anglerfreunde und Mitglieder,<\/strong><\/h2>\n<p style=\"text-align: center;\"><strong>Die Vorstandssitzungen finden jeden 1. Donnerstag im Monat um 18:00 Uhr statt.<\/strong><\/p>\n<p style=\"text-align: center;\"><strong>In den Monaten April &#8211; Oktober im Hafen Schweriner See\/Fauler See und in den Monaten <\/strong><\/p>\n<p style=\"text-align: center;\"><strong>November &#8211; M\u00e4rz im Kreisanglerverband Fasanenhof 9 (G\u00f6rries; ehem. Getr\u00e4nkemarkt HIT).<\/strong><\/p>\n<p style=\"text-align: center;\"><strong>Die erste halbe Stunde dieser Sitzungen ist \u00f6ffentlich.<\/strong><\/p>\n<p style=\"text-align: center;\"><strong>Alle Mitglieder sind aufgefordert ihre Probleme im Rahmen dieser Veranstaltungen vorzutragen.<\/strong><\/p>\n<p style=\"text-align: center;\"><strong>Allen Sportfreunden ein erfolgreiches Angeljahr 2026<\/strong>.&nbsp;<\/p>\n<p>&nbsp;<\/p>\n<p style=\"text-align: center;\"><strong> Der Vorstand&nbsp;&nbsp;&nbsp;&nbsp;&nbsp;&nbsp;&nbsp;&nbsp;&nbsp;&nbsp;&nbsp;&nbsp;&nbsp;&nbsp;&nbsp;&nbsp;&nbsp;&nbsp;&nbsp;&nbsp;&nbsp;&nbsp;&nbsp;&nbsp;&nbsp;&nbsp; Petri Heil<\/strong><\/p>\n<p><a href=\"http:\/\/www.anglerverein-schlossgarten.de\/wp-content\/uploads\/2014\/07\/Angler-Schwerin-Angeln-Schwerin-Liegeplatz-Schwerin-Fauler-See-Schweriner-See-Anglerverein-Fisch-Anglerverein-schlossgarten.jpg\"><img loading=\"lazy\" decoding=\"async\" class=\"alignleft wp-image-388 \" src=\"http:\/\/www.anglerverein-schlossgarten.de\/wp-content\/uploads\/2014\/07\/Angler-Schwerin-Angeln-Schwerin-Liegeplatz-Schwerin-Fauler-See-Schweriner-See-Anglerverein-Fisch-Anglerverein-schlossgarten.jpg\" alt=\"\" width=\"592\" height=\"233\" srcset=\"https:\/\/www.anglerverein-schlossgarten.de\/wp-content\/uploads\/2014\/07\/Angler-Schwerin-Angeln-Schwerin-Liegeplatz-Schwerin-Fauler-See-Schweriner-See-Anglerverein-Fisch-Anglerverein-schlossgarten.jpg 1556w, https:\/\/www.anglerverein-schlossgarten.de\/wp-content\/uploads\/2014\/07\/Angler-Schwerin-Angeln-Schwerin-Liegeplatz-Schwerin-Fauler-See-Schweriner-See-Anglerverein-Fisch-Anglerverein-schlossgarten-300x118.jpg 300w, https:\/\/www.anglerverein-schlossgarten.de\/wp-content\/uploads\/2014\/07\/Angler-Schwerin-Angeln-Schwerin-Liegeplatz-Schwerin-Fauler-See-Schweriner-See-Anglerverein-Fisch-Anglerverein-schlossgarten-1024x403.jpg 1024w\" sizes=\"auto, (max-width: 592px) 100vw, 592px\" \/><\/a><\/p>\n<p>&nbsp;<\/p>\n<h2>&nbsp;<\/h2>\n<h2>&nbsp;<\/h2>\n<h2>&nbsp;<\/h2>\n<p>&nbsp;<\/p>\n<p>&nbsp;<\/p>\n<h2 style=\"text-align: center;\">&nbsp;<\/h2>\n<h2 style=\"text-align: center;\"><span style=\"text-decoration: underline; font-size: 12pt;\">Der Vorstand des Anglerverein-Schlossgarten e.V. stellt sich vor:<\/span><\/h2>\n<h2><img loading=\"lazy\" decoding=\"async\" class=\"aligncenter  wp-image-752\" src=\"https:\/\/www.anglerverein-schlossgarten.de\/wp-content\/uploads\/2023\/03\/Team_Neu.jpg\" alt=\"\" width=\"591\" height=\"564\" srcset=\"https:\/\/www.anglerverein-schlossgarten.de\/wp-content\/uploads\/2023\/03\/Team_Neu.jpg 1135w, https:\/\/www.anglerverein-schlossgarten.de\/wp-content\/uploads\/2023\/03\/Team_Neu-300x286.jpg 300w, https:\/\/www.anglerverein-schlossgarten.de\/wp-content\/uploads\/2023\/03\/Team_Neu-1024x977.jpg 1024w, https:\/\/www.anglerverein-schlossgarten.de\/wp-content\/uploads\/2023\/03\/Team_Neu-768x733.jpg 768w\" sizes=\"auto, (max-width: 591px) 100vw, 591px\" \/><\/h2>\n","protected":false},"excerpt":{"rendered":"<p>Petri Heil liebe Anglerfreunde und Mitglieder, Die Vorstandssitzungen finden jeden 1. Donnerstag im Monat um 18:00 Uhr statt. In den Monaten April &#8211; Oktober im Hafen Schweriner See\/Fauler See und in den Monaten November &#8211; M\u00e4rz im Kreisanglerverband Fasanenhof 9 (G\u00f6rries; ehem. Getr\u00e4nkemarkt HIT). Die erste halbe Stunde dieser Sitzungen ist \u00f6ffentlich. Alle Mitglieder sind [&hellip;]<\/p>\n","protected":false},"author":1,"featured_media":0,"parent":0,"menu_order":0,"comment_status":"closed","ping_status":"closed","template":"","meta":{"ngg_post_thumbnail":0,"footnotes":""},"class_list":["post-2","page","type-page","status-publish","hentry"],"aioseo_notices":[],"_links":{"self":[{"href":"https:\/\/www.anglerverein-schlossgarten.de\/index.php?rest_route=\/wp\/v2\/pages\/2","targetHints":{"allow":["GET"]}}],"collection":[{"href":"https:\/\/www.anglerverein-schlossgarten.de\/index.php?rest_route=\/wp\/v2\/pages"}],"about":[{"href":"https:\/\/www.anglerverein-schlossgarten.de\/index.php?rest_route=\/wp\/v2\/types\/page"}],"author":[{"embeddable":true,"href":"https:\/\/www.anglerverein-schlossgarten.de\/index.php?rest_route=\/wp\/v2\/users\/1"}],"replies":[{"embeddable":true,"href":"https:\/\/www.anglerverein-schlossgarten.de\/index.php?rest_route=%2Fwp%2Fv2%2Fcomments&post=2"}],"version-history":[{"count":137,"href":"https:\/\/www.anglerverein-schlossgarten.de\/index.php?rest_route=\/wp\/v2\/pages\/2\/revisions"}],"predecessor-version":[{"id":915,"href":"https:\/\/www.anglerverein-schlossgarten.de\/index.php?rest_route=\/wp\/v2\/pages\/2\/revisions\/915"}],"wp:attachment":[{"href":"https:\/\/www.anglerverein-schlossgarten.de\/index.php?rest_route=%2Fwp%2Fv2%2Fmedia&parent=2"}],"curies":[{"name":"wp","href":"https:\/\/api.w.org\/{rel}","templated":true}]}}